{"id":3745,"date":"2024-06-17T10:39:41","date_gmt":"2024-06-17T10:39:41","guid":{"rendered":"https:\/\/captainsupport.net\/freepylos9\/?page_id=3745"},"modified":"2024-06-17T10:39:43","modified_gmt":"2024-06-17T10:39:43","slug":"initial-statement-of-the-campaign-freepylos9","status":"publish","type":"page","link":"https:\/\/captainsupport.net\/freepylos9\/initial-statement-of-the-campaign-freepylos9\/","title":{"rendered":"Initial Statement of the Campaign #FreePylos9"},"content":{"rendered":"\n<div class=\"wp-block-buttons is-layout-flex wp-block-buttons-is-layout-flex\">\n<div class=\"wp-block-button is-style-outline is-style-outline--1\"><a class=\"wp-block-button__link wp-element-button\" href=\"https:\/\/captainsupport.net\/freepylos9\/ilhl\"><strong>\u0395\u03bb\u03bb\u03b7\u03bd\u03b9\u03ba\u03ac<\/strong><\/a><\/div>\n\n\n\n<div class=\"wp-block-button is-style-outline is-style-outline--2\"><a class=\"wp-block-button__link wp-element-button\" href=\"https:\/\/captainsupport.net\/freepylos9\/liberez-les-9-survivants-emprisonnes-et-accuses-du-naufrage-meurtrier-de-pylos\/\"><strong>Fran\u00e7ais<\/strong><\/a><\/div>\n\n\n\n<div class=\"wp-block-button is-style-outline is-style-outline--3\"><a class=\"wp-block-button__link wp-element-button\" href=\"https:\/\/captainsupport.net\/freepylos9\/l0lw\"><strong>Italiano<\/strong><\/a><\/div>\n\n\n\n<div class=\"wp-block-button is-style-outline is-style-outline--4\"><a class=\"wp-block-button__link wp-element-button\" href=\"https:\/\/captainsupport.net\/freepylos9\/zfk6\"><strong>Deutsch<\/strong><\/a><\/div>\n\n\n\n<div class=\"wp-block-button is-style-outline is-style-outline--5\"><a class=\"wp-block-button__link wp-element-button\" href=\"https:\/\/captainsupport.net\/freepylos9\/wqjh\"><strong>T\u00fcrk\u00e7e<\/strong><\/a><\/div>\n\n\n\n<div class=\"wp-block-button is-style-outline is-style-outline--6\"><a class=\"wp-block-button__link wp-element-button\" href=\"https:\/\/captainsupport.net\/freepylos9\/libertad-para-los-chivos-expiatorios-encarcelados-tras-la-masacre-de-pylos\/\"><strong>Espa\u00f1ola<\/strong><\/a><\/div>\n\n\n\n<div class=\"wp-block-button is-style-outline is-style-outline--7\"><a class=\"wp-block-button__link wp-element-button\" href=\"https:\/\/captainsupport.net\/freepylos9\/wp-content\/uploads\/sites\/3\/2024\/03\/Pylos9_Arabic.pdf\">\u0627\u0644\u0639\u0631\u0628\u064a\u0629<\/a><\/div>\n\n\n\n<div class=\"wp-block-button is-style-outline is-style-outline--8\"><a class=\"wp-block-button__link wp-element-button\" href=\"https:\/\/captainsupport.net\/freepylos9\/wp-content\/uploads\/sites\/3\/2024\/03\/Pylos9_URDU.pdf\"><strong>\u0627\u0631\u062f\u0648<\/strong><\/a><\/div>\n\n\n\n<div class=\"wp-block-button is-style-outline is-style-outline--9\"><a class=\"wp-block-button__link wp-element-button\" href=\"https:\/\/captainsupport.net\/freepylos9\/wp-content\/uploads\/sites\/3\/2024\/03\/Pylos9_FARSI.pdf\"><strong>\u0641\u0627\u0631\u0633\u06cc<\/strong><\/a><\/div>\n<\/div>\n\n\n\n<p class=\"has-medium-font-size\"><strong>*for more languages please choose above<\/strong><\/p>\n\n\n\n<p>In the early morning hours of 14 June 2023, the overcrowded fishing boat \u201cAdriana\u201d sank in international waters around 50 miles from the port of Pylos, Greece. Hundreds of people drowned under the watch of the Hellenic Coast Guard (HCG). Nearly all of the 104 people who managed to survive were rescued by a luxury yacht after the fishing boat had sunk. The bodies of 82 people killed in the shipwreck were recovered; yet hundreds remain missing and are assumed to have gone down with the ship. Nine of the survivors have been arrested by Greek authorities and have been unfairly blamed as being responsible for the tragedy.<\/p>\n\n\n\n<p>The Adriana left Tobruk, Libya on 7 June 2023, bound for Italy with over 750 passengers, mostly from Syria, Pakistan and Egypt. (footnote a) The fishing boat was massively overcrowded and in clear distress, with no appropriate navigation tools, no crew, nor safety equipment on board. After a week at sea, the boat\u2019s engine had malfunctioned and supplies were running low. At least two people had already died of dehydration before the boat capsized. In response to these circumstances, people on board contacted Watch the Med Alarm Phone on 13 June 2023 and informed them that their boat was tilting dangerously and that they were in urgent need of assistance. Alarm Phone in turn informed the Hellenic Coast Guard, as the fishing boat was located within the Greek Search and Rescue (SAR) zone. Rescue never came.<\/p>\n\n\n\n<p>In the weeks and months that followed this massacre of hundreds of people, evidence of the events that ultimately led to the Adriana\u2019s capsizing continued to emerge, painting a clear picture of the role of the Hellenic Coast Guard. Not only did the HCG not attempt to rescue the clearly unseaworthy vessel, but it also obstructed potential rescue activities by other vessels for several hours. Many survivors also describe how the HCG actively endangered the passengers\u2019 lives by attempting to tow the boat, which likely contributed to its sinking. (footnote b) It has also been reported that several other European authorities were informed of the Adriana\u2019s distress situation hours before the shipwreck, but did not intervene.<sup><a href=\"https:\/\/captainsupport.net\/pylos-campaign\/#0d7c40e4-ffa2-42b9-8799-1a0647a7eadd\">1<\/a><\/sup><\/p>\n\n\n\n<p>Despite the mounting evidence of Greece\u2019s responsibility, blame was immediately put on the victims themselves. The survivors were brought to Kalamata, Greece, where they were detained and isolated in a warehouse. There, the authorities subjected them to interrogation even before being able to access any independent legal or psycho-social support. Following these interrogations and based on the testimonies of a few survivors only, nine survivors were arrested and unjustly presented as those responsible for the massacre. They were charged with facilitating unauthorised entry (\u201csmuggling\u201d), membership in a criminal organisation, and causing the shipwreck that ultimately killed hundreds of people.<\/p>\n\n\n\n<p>According to media reports, the accusations were based on testimonies indicating that they took on more responsibility for tasks on the vessel, for example distributing water or attempting to crowd control to stabilise the tilting boat. (footnote c) However, it appears that the accused men are themselves migrants who paid a significant amount of money to reach Europe, just like the other people on board.<sup><a href=\"https:\/\/captainsupport.net\/pylos-campaign\/#03994d45-acd0-42d6-bb19-98bb5841a97e\">2<\/a><\/sup>&nbsp;This is not the first time we have seen passengers being pressured into giving incriminating testimonies. Importantly, it seems that none of the nine men arrested were identified by other passengers as financial profiteers or even as part of a crew. (footnote d)<\/p>\n\n\n\n<p>Currently, the accused are held in pre-trial detention at two different prisons in Greece: eight in Nafplio and one in Avlona. The investigation by the interrogator judge is still ongoing, and no date has yet been set for the trial. We do not expect it to take place sooner than spring 2024. The state appointed lawyers requested the release of the traumatised survivors from pre-trial detention, but this request was rejected. Defence of the accused men has now been taken on by a group of seven experienced criminal defence lawyers, including from the Human Rights Legal Project-Samos and the Legal Centre Lesvos.<\/p>\n\n\n\n<p>On 13 September 2023, forty survivors of the deadly shipwreck in Pylos filed a criminal complaint against all responsible parties before the Naval Court of Piraeus.<sup><a href=\"https:\/\/captainsupport.net\/pylos-campaign\/#a231bdf4-7162-4c50-a845-e25604cfb4da\">3<\/a><\/sup>&nbsp;(footnote e)<\/p>\n\n\n\n<h2 class=\"wp-block-heading\"><strong>Who is to be held responsible for the deaths of the Pylos shipwreck?<\/strong><\/h2>\n\n\n\n<p>It is not the people looking for safety, forced to travel incredibly dangerous routes in overcrowded boats. Neither is it the smuggling networks that take advantage of this situation \u2013 they are a symptom, not the root of the problem. The real culprit is Fortress Europe. Desiring to control migration and close its borders, it strikes dirty deals with other oppressive governments.<\/p>\n\n\n\n<p>The externalisation of the EU\u2019s borders beyond its territory, to other countries&nbsp;bordering the European Union, only leads to more violence. It doesn\u2019t stop migration, it only leads to more death along the way.<\/p>\n\n\n\n<p>Over the last three years, the Hellenic Coast Guard has increased its practices of systematic pushbacks at sea, leading to more violence, deaths and disappearances. As a result, more people attempt to cross directly to Italy, which increases both the distance and the risk to life along these routes.<sup><a href=\"https:\/\/captainsupport.net\/pylos-campaign\/#048f9446-e9d4-4000-bc3a-fb558e274616\">4<\/a><\/sup>&nbsp;The deadly practice of pushbacks, one of the most violent forms of preventing the crossing of national borders, became the norm in Europe and beyond. It should be recalled that already on 7 July 2022, Greece was condemned by the European Court of Human Rights for the HCG\u2019s illegal and life-threatening practices at sea (footnote f).<sup><a href=\"https:\/\/captainsupport.net\/pylos-campaign\/#0e6c3624-ae90-4039-8b60-392d37e6ccd2\">5<\/a><\/sup>&nbsp;Currently, at least 32 cases relating to 8 pushback operations were brought against Greece and are pending a decision before the same court.<sup><a href=\"https:\/\/captainsupport.net\/pylos-campaign\/#8b98b46f-0185-413a-af02-b03517ca375f\">6<\/a><\/sup>&nbsp;In this context, the tragedy of Pylos emerges as yet one more case of a long line of non-rescue and crimes at sea.<\/p>\n\n\n\n<p>Whoever survives the journey and doesn\u2019t get pushed back is at risk of being arbitrarily arrested by the Coast Guard and randomly charged with facilitating unauthorised crossing of borders (\u201csmuggling\u201d). The criminalisation of people for crossing its borders in boats or cars is systematic in Greece.<\/p>\n\n\n\n<p>According to a recent study by borderline europe, more than 2000 migrants are currently in Greek prisons, accused or convicted of \u201csmuggling\u201d.<sup><a href=\"https:\/\/captainsupport.net\/pylos-campaign\/#8ee6a39b-9886-46de-92ec-f666c065df49\">7<\/a><\/sup><\/p>\n\n\n\n<p>In most cases, the arrests, pre-trial detention, and trial hearings of accused boat drivers are characterised by gross human rights violations and do not comply with the fair trial principles, including: arbitrary detention, violence and coercion, and little to no access to interpreters or legal aid. The Greek authorities applied the very same practices in the case of the Pylos shipwreck.<\/p>\n\n\n\n<p>The criminalisation of people on the move is often invisible, and their voices are silenced by detention and long prison sentences. This allows the authorities of the EU states to further violate their rights. Facing extremely long prison sentences based on arbitrary arrests and trials, people on the move who are accused of facilitating illegal migration are a central target of the violence of the border regime.<\/p>\n\n\n\n<p>As Captain Support Network, a group of activists mainly based in Europe, we stand in solidarity with everyone who is criminalised for so-called \u201csmuggling\u201d.<\/p>\n\n\n\n<h3 class=\"wp-block-heading\"><strong>We demand:&nbsp;<\/strong><\/h3>\n\n\n\n<ul class=\"wp-block-list\">\n<li>Free the scapegoats for the Pylos shipwreck<\/li>\n\n\n\n<li>Drop all charges against the Pylos9<\/li>\n\n\n\n<li>Investigate and hold Greek authorities accountable for their responsibility in the Pylos shipwreck and for crimes against humanity at its borders<\/li>\n\n\n\n<li>An immediate end to the systematic and deadly border violence<\/li>\n\n\n\n<li>Stop the criminalisation of migration and the incarceration of people on the move<\/li>\n\n\n\n<li>Freedom of movement for all<\/li>\n<\/ul>\n\n\n\n<hr \/>\n\n\n\n<h2 class=\"wp-block-heading\"><strong>If you want to support to cover the costs for the court and legal representation, please donate to this accoun<\/strong>t<\/h2>\n\n\n\n<p>Support Captain Support<br>3011 Bern, Switzerland<br>IBAN: CH6209000000162628066<br>BIC\/ SWIFT: POFICHBEXXX<br>Remark\/ Reference for payment: Pylos<\/p>\n\n\n\n<p>or through this platform:&nbsp;<a href=\"https:\/\/whydonate.com\/en\/fundraising\/freedom-for-the-pylos-9-campaign\" target=\"_blank\" rel=\"noreferrer noopener\">https:\/\/whydonate.com\/en\/fundraising\/freedom-for-the-pylos-9-campaign<\/a><\/p>\n\n\n\n<h2 class=\"wp-block-heading\"><strong>Signatories&nbsp;<\/strong><\/h2>\n\n\n\n<div class=\"wp-block-group is-nowrap is-layout-flex wp-container-core-group-is-layout-ad2f72ca wp-block-group-is-layout-flex\">\n<p><a href=\"https:\/\/www.abuondiritto.it\/\" target=\"_blank\" rel=\"noreferrer noopener\">A buon diritto<br><\/a><a href=\"https:\/\/abolishfrontex.org\/\" target=\"_blank\" rel=\"noreferrer noopener\">Abolish Frontex<br><\/a><a href=\"https:\/\/alarmphone.org\/en\/\" target=\"_blank\" rel=\"noreferrer noopener\">Alarm Phone<br><\/a><a href=\"https:\/\/www.allincluded.nl\/\" target=\"_blank\" rel=\"noreferrer noopener\">All included<\/a><br><a href=\"https:\/\/www.almacommunity.org\/\">Alma Community Holistic Therapies<\/a><br><a href=\"https:\/\/en.asgi.it\/\">ASGI Associazione per gli Studi Giuridici sull\u2019Immigrazione<strong><br><\/strong><\/a><a href=\"https:\/\/baobabexperience.org\/\" target=\"_blank\" rel=\"noreferrer noopener\">Baobab Experience<br><\/a><a href=\"https:\/\/www.facebook.com\/birlikteyasamakistiyoruz\/\" target=\"_blank\" rel=\"noreferrer noopener\">Birlikte Ya\u015famak \u0130stiyoruz \u0130nisiyatifi<br><\/a><a href=\"https:\/\/www.borderforensics.org\/\" target=\"_blank\" rel=\"noreferrer noopener\">Border Forensics<br><\/a><a href=\"https:\/\/borderviolence.eu\/\" target=\"_blank\" rel=\"noreferrer noopener\">Border Violence Monitoring Network (BVMN)<br><\/a><a href=\"https:\/\/www.borderline-europe.de\/?l=en\" target=\"_blank\" rel=\"noreferrer noopener\">Borderline-europe<br><\/a><a href=\"https:\/\/www.facebook.com\/CPTLesvos\/\" target=\"_blank\" rel=\"noreferrer noopener\">CPT \u2013 Aegean Migrants Solidarity<br><\/a><a href=\"https:\/\/cantevictsolidarityenglish.noblogs.org\/\" target=\"_blank\" rel=\"noreferrer noopener\">Can\u2019t Evict Solidarity<\/a><br><a href=\"https:\/\/www.compasscollect.com\/\">Compass Collective<br><\/a><a href=\"https:\/\/debordercollective.org\/\" target=\"_blank\" rel=\"noreferrer noopener\">de:border \/\/ migration justice collective<br><\/a><a href=\"https:\/\/eldh.eu\/\" data-type=\"link\" data-id=\"https:\/\/eldh.eu\/\" target=\"_blank\" rel=\"noreferrer noopener\">European Lawyers for Democracy and Human Rights (ELDH)<br><\/a><a href=\"https:\/\/feministresearch.org\/\" target=\"_blank\" rel=\"noreferrer noopener\">Feminist Autonomous Centre for research (FAC)<br><\/a><a href=\"https:\/\/forensic-architecture.org\/programme\/exhibitions\/forensis\" target=\"_blank\" rel=\"noreferrer noopener\">Forensis e.V<br><\/a><a href=\"https:\/\/www.freehumanitarians.org\/\" target=\"_blank\" rel=\"noreferrer noopener\">Free Humanitarians<br><\/a><a href=\"https:\/\/elhiblu3.info\/\" target=\"_blank\" rel=\"noreferrer noopener\">Free the El Hiblu 3<\/a><br><a href=\"https:\/\/gruppomelitea.wordpress.com\/\" target=\"_blank\" rel=\"noreferrer noopener\">Gruppo Melitea<br><\/a><a href=\"http:\/\/Human Rights Association\/\u0130nsan Haklar\u0131 Derne\u011fi (Turkey)\" target=\"_blank\" rel=\"noreferrer noopener\">Human Rights Association\/\u0130nsan Haklar\u0131 Derne\u011fi (Turkey)<br><\/a><a href=\"https:\/\/ihd.org.tr\/en\/\" target=\"_blank\" rel=\"noreferrer noopener\">Human Rights Association Istanbul Branch<br><\/a><a href=\"https:\/\/www.humanrightslp.eu\/\" target=\"_blank\" rel=\"noreferrer noopener\">Human Rights Legal Project (HRLP)<br><\/a><a href=\"https:\/\/www.in-sightcollaborative.org\/\" target=\"_blank\" rel=\"noreferrer noopener\">In-sight Collaborative<br><\/a><a href=\"https:\/\/iuventa-crew.org\/\" target=\"_blank\" rel=\"noreferrer noopener\">iuventa \u2013 crew<br><\/a><a href=\"https:\/\/twitter.com\/AzadiJin_Cat\" target=\"_blank\" rel=\"noreferrer noopener\">La M\u00e0quia \u2013 Azad\u00ee Jin, grupo transfeminista aut\u00f3nomo<\/a><\/p>\n\n\n\n<p><a href=\"https:\/\/legalcentrelesvos.org\/\" target=\"_blank\" rel=\"noreferrer noopener\">Legal Centre Lesvos<br><\/a><a href=\"https:\/\/www.facebook.com\/legalclinic.romatre\/\" target=\"_blank\" rel=\"noreferrer noopener\">Legal Clinic on Migration and Asylum, University of Roma Tre<br><\/a><a href=\"https:\/\/lnob.net\/en\/\" target=\"_blank\" rel=\"noreferrer noopener\">Leave No One Behind<br><\/a><a href=\"https:\/\/www.lineadombra.it\/\" target=\"_blank\" rel=\"noreferrer noopener\">Linea D\u2019Ombra<br><\/a><a href=\"https:\/\/lungolarottabalcanica.wordpress.com\/\" target=\"_blank\" rel=\"noreferrer noopener\">Lungo la rotta balcanica<br><\/a><a href=\"https:\/\/www.maldusa.org\/en\/\">Maldusa<\/a><br><a href=\"https:\/\/twitter.com\/marego_vessel?lang=el\" target=\"_blank\" rel=\"noreferrer noopener\">Mare*Go<br><\/a><a href=\"https:\/\/mare-liberum.org\/en\/\" target=\"_blank\" rel=\"noreferrer noopener\">Mare Liberum<\/a><br><a href=\"https:\/\/mediterranearescue.org\/en\">Mediterranea Saving Humans<br><\/a><a href=\"https:\/\/www.meltingpot.org\/\" target=\"_blank\" rel=\"noreferrer noopener\">Melting Pot<br><\/a><a href=\"https:\/\/memoriamediterranea.org\/en\/\" target=\"_blank\" rel=\"noreferrer noopener\">Memoria Mediterranea<br><\/a><a href=\"https:\/\/migration-control.info\/\" target=\"_blank\" rel=\"noreferrer noopener\">Migration Control<\/a><br><a href=\"https:\/\/mission-lifeline.de\/en\/about-us\/\">Mission Lifeline International E.V.<br><\/a><a href=\"https:\/\/mvlouisemichel.org\/\" target=\"_blank\" rel=\"noreferrer noopener\">MV Louise Michel<br><\/a><a href=\"https:\/\/www.instagram.com\/noborderboilingpot\/\" target=\"_blank\" rel=\"noreferrer noopener\">No Border Boiling Pot<br><\/a><a href=\"https:\/\/noborderkitchenlesvos.noblogs.org\/\" target=\"_blank\" rel=\"noreferrer noopener\">No Border Kitchen<\/a><br><a href=\"https:\/\/www.instagram.com\/nomorewar_collective\/\">No More War Collective<br><\/a><a href=\"https:\/\/resqship.org\/\" target=\"_blank\" rel=\"noreferrer noopener\">RESQSHIP e.V.<br><\/a><a href=\"https:\/\/smh.eus\/\" target=\"_blank\" rel=\"noreferrer noopener\">Salvamento Mar\u00edtimo Humanitario<br><\/a><a href=\"https:\/\/www.seebruecke.org\/en\" target=\"_blank\" rel=\"noreferrer noopener\">Seebrucke<br><\/a><a href=\"https:\/\/sea-watch.org\/en\/\" target=\"_blank\" rel=\"noreferrer noopener\">Sea-Watch<br><\/a><a href=\"https:\/\/sos-humanity.org\/en\/sos-humanity\/\" target=\"_blank\" rel=\"noreferrer noopener\">SOS Humanity<br><\/a><a href=\"https:\/\/djs-jds.ch\/de\/djs\/pushback-litigation-fund\/2018-swiss-democratic-lawyers-pushback-litigation-support-fund\" target=\"_blank\" rel=\"noreferrer noopener\">Swiss Democratic Lawyer (DJS-JDS-GDS)<\/a><br><a href=\"https:\/\/therighttobe.mystrikingly.com\/\">The Right to Be<br><\/a><a href=\"https:\/\/www.wuerzburg-solidarisch.de\/\" target=\"_blank\" rel=\"noreferrer noopener\">W\u00fcrzburg Solidarisch e.V<br><\/a><a href=\"https:\/\/www.yabastabologna.com\/\" target=\"_blank\" rel=\"noreferrer noopener\">YaBasta Bologna<\/a><\/p>\n<\/div>\n\n\n\n<h3 class=\"wp-block-heading\">Footnotes<\/h3>\n\n\n\n<p><em>Footnote a: The boat had three decks: a lower, middle and upper deck. All were crammed with people. Around 100 women and children stayed in a separate, guarded room towards the front of the middle deck. None of them survived.<\/em><\/p>\n\n\n\n<p><em>Footnote b: While the Aigaion Pelagos, one of Europe\u2019s most modern rescue ships, was not too far away from the boat in distress in the port of Gytheio, instead a helicopter was sent from Lesvos, far away. Even though Italian authorities and FRONTEX had informed the HCG several hours earlier about the distress case, no appropriate rescue operation was launched.<\/em><\/p>\n\n\n\n<p><em>Footnote c: It is worth noting that the passengers who accused these 9 co-passengers are from Syria and Pakistan, while the accused are all from Egypt.<\/em><\/p>\n\n\n\n<p><em>Footnote d: Many of the survivors named the key profiteers (i.e. the people who made a profit from the deadly journey) during interviews with them \u2013 confirming that none of them was on board the ship. In Pakistan, 14 people who may have been involved in organising the crossing were arrested shortly after the disaster. In Egypt, the prosecutor has charged 37 people (mainly from Libya) with criminal organisation in this case. Find more information of the investigative research on the structures behind this case:&nbsp;<\/em><a href=\"https:\/\/www.lighthousereports.com\/investigation\/smuggler-warlord-eu-ally\/\">https:\/\/www.lighthousereports.com\/investigation\/smuggler-warlord-eu-ally\/<\/a><\/p>\n\n\n\n<p><em>Footnote e: The survivors, represented by the Network for Refugee and Migrant Rights, the Hellenic League for Human Rights (HLHR), the Greek Council for Refugees (GCR), the Initiative of Lawyers and Jurists for the shipwreck of Pylos, and Refugee Support Aegean (RSA), denounce a series of violations of the Greek authorities\u2019 obligations to protect the lives of those on board and demand an effective investigation into the circumstances of the deadliest shipwreck to occur in the Mediterranean in recent years.<\/em><br><em>Footnote f: In a shipwreck off Farmakonisi island on 20 January 2014, a Greek Coast Guard vessel caused the death of eleven women and children when it dangerously towed the boat carrying 28 Afghans and Syrians in what survivors describe as a pushback operation<\/em><\/p>\n\n\n\n<ol class=\"wp-block-list\">\n<li><a href=\"https:\/\/counter-investigations.org\/investigation\/the-pylos-shipwreck\" target=\"_blank\" rel=\"noreferrer noopener\">https:\/\/counter-investigations.org\/investigation\/the-pylos-shipwreck<\/a>&nbsp;<a href=\"https:\/\/captainsupport.net\/pylos-campaign\/#0d7c40e4-ffa2-42b9-8799-1a0647a7eadd-link\">\u21a9\ufe0e<\/a><\/li>\n\n\n\n<li><a href=\"https:\/\/www.bbc.com\/news\/world-europe-66154654\" target=\"_blank\" rel=\"noreferrer noopener\">https:\/\/www.bbc.com\/news\/world-europe-66154654<\/a>,&nbsp;<a href=\"https:\/\/www.zeit.de\/2023\/31\/seenotrettung-gefluechtete-mittelmeer-griechenland\/seite-3\" target=\"_blank\" rel=\"noreferrer noopener\">https:\/\/www.zeit.de\/2023\/31\/seenotrettung-gefluechtete-mittelmeer-griechenland\/seite-3<\/a>&nbsp;<a href=\"https:\/\/captainsupport.net\/pylos-campaign\/#03994d45-acd0-42d6-bb19-98bb5841a97e-link\">\u21a9\ufe0e<\/a><\/li>\n\n\n\n<li><a href=\"https:\/\/justice4pylos.org\/2023\/09\/40-survivors-of-the-pylos-shipwreck-file-a-criminal-complaint-before-the-naval-court-of-piraeus-14-9-2023\/?fbclid=IwAR24oftPPlpN9WuceSwoKIFkJMT_cfLMETO1dKi_62EIhGSd3iibZGCvJHM\" target=\"_blank\" rel=\"noreferrer noopener\">https:\/\/justice4pylos.org\/2023\/09\/40-survivors-of-the-pylos-shipwreck-file-a-criminal-complaint-before-the-naval-court-of-piraeus-14-9-2023\/?fbclid=IwAR24oftPPlpN9WuceSwoKIFkJMT_cfLMETO1dKi_62EIhGSd3iibZGCvJHM<\/a>&nbsp;<a href=\"https:\/\/captainsupport.net\/pylos-campaign\/#a231bdf4-7162-4c50-a845-e25604cfb4da-link\">\u21a9\ufe0e<\/a><\/li>\n\n\n\n<li><a href=\"https:\/\/aegean.forensic-architecture.org\/\">https:\/\/aegean.forensic-architecture.org<\/a>;&nbsp;<a href=\"https:\/\/legalcentrelesvos.org\/2021\/02\/01\/crimesagainstumanityintheaegean\/\">https:\/\/legalcentrelesvos.org\/2021\/02\/01\/crimesagainstumanityintheaegean<\/a>&nbsp;<a href=\"https:\/\/captainsupport.net\/pylos-campaign\/#048f9446-e9d4-4000-bc3a-fb558e274616-link\">\u21a9\ufe0e<\/a><\/li>\n\n\n\n<li><a href=\"https:\/\/www.refworld.org\/cases,ECHR,62de68304.html\">https:\/\/www.refworld.org\/cases,ECHR,62de68304.html<\/a>&nbsp;<a href=\"https:\/\/captainsupport.net\/pylos-campaign\/#0e6c3624-ae90-4039-8b60-392d37e6ccd2-link\">\u21a9\ufe0e<\/a><\/li>\n\n\n\n<li><a href=\"https:\/\/legalcentrelesvos.org\/2021\/12\/22\/european-court-of-human-rights-to-examine-two-cases-filed-against-greece-concerning-illegal-collective-expulsions\/\">https:\/\/legalcentrelesvos.org\/2021\/12\/22\/european-court-of-human-rights-to-examine-two-cases-filed-against-greece-concerning-illegal-collective-expulsions\/<\/a>&nbsp;<a href=\"https:\/\/captainsupport.net\/pylos-campaign\/#8b98b46f-0185-413a-af02-b03517ca375f-link\">\u21a9\ufe0e<\/a><\/li>\n\n\n\n<li><a href=\"https:\/\/www.borderline-europe.de\/sites\/default\/files\/readingtips\/criminalisation_of_migrants-study_by_borderline_europe_en.pdf\">https:\/\/www.borderline-europe.de\/sites\/default\/files\/readingtips\/criminalisation_of_migrants-study_by_borderline_europe_en.pdf<\/a>&nbsp;<a href=\"https:\/\/captainsupport.net\/pylos-campaign\/#8ee6a39b-9886-46de-92ec-f666c065df49-link\">\u21a9\ufe0e<\/a><\/li>\n<\/ol>\n","protected":false},"excerpt":{"rendered":"<p>*for more languages please choose above In the early morning hours of 14 June 2023, the overcrowded fishing boat \u201cAdriana\u201d sank in international waters around 50 miles from the port of Pylos, Greece. Hundreds of people drowned under the watch of the Hellenic Coast Guard (HCG). Nearly all of the 104 people who managed to survive were&hellip;<\/p>\n","protected":false},"author":4,"featured_media":2745,"parent":0,"menu_order":0,"comment_status":"closed","ping_status":"closed","template":"","meta":{"_monsterinsights_skip_tracking":false,"_monsterinsights_sitenote_active":false,"_monsterinsights_sitenote_note":"","_monsterinsights_sitenote_category":0,"footnotes":""},"class_list":["post-3745","page","type-page","status-publish","has-post-thumbnail","hentry"],"jetpack_sharing_enabled":true,"_links":{"self":[{"href":"https:\/\/captainsupport.net\/freepylos9\/wp-json\/wp\/v2\/pages\/3745","targetHints":{"allow":["GET"]}}],"collection":[{"href":"https:\/\/captainsupport.net\/freepylos9\/wp-json\/wp\/v2\/pages"}],"about":[{"href":"https:\/\/captainsupport.net\/freepylos9\/wp-json\/wp\/v2\/types\/page"}],"author":[{"embeddable":true,"href":"https:\/\/captainsupport.net\/freepylos9\/wp-json\/wp\/v2\/users\/4"}],"replies":[{"embeddable":true,"href":"https:\/\/captainsupport.net\/freepylos9\/wp-json\/wp\/v2\/comments?post=3745"}],"version-history":[{"count":1,"href":"https:\/\/captainsupport.net\/freepylos9\/wp-json\/wp\/v2\/pages\/3745\/revisions"}],"predecessor-version":[{"id":3748,"href":"https:\/\/captainsupport.net\/freepylos9\/wp-json\/wp\/v2\/pages\/3745\/revisions\/3748"}],"wp:featuredmedia":[{"embeddable":true,"href":"https:\/\/captainsupport.net\/freepylos9\/wp-json\/wp\/v2\/media\/2745"}],"wp:attachment":[{"href":"https:\/\/captainsupport.net\/freepylos9\/wp-json\/wp\/v2\/media?parent=3745"}],"curies":[{"name":"wp","href":"https:\/\/api.w.org\/{rel}","templated":true}]}}